{"id":87,"date":"2023-06-14T15:20:50","date_gmt":"2023-06-14T12:20:50","guid":{"rendered":"https:\/\/olenkorento.fi\/?page_id=87"},"modified":"2023-08-30T13:17:29","modified_gmt":"2023-08-30T10:17:29","slug":"elainavusteinen-valmennus","status":"publish","type":"page","link":"https:\/\/olenkorento.fi\/index.php\/elainavusteinen-valmennus\/","title":{"rendered":"El\u00e4inavusteinen valmennus"},"content":{"rendered":"<p><div class=\"fusion-fullwidth fullwidth-box fusion-builder-row-1 fusion-flex-container has-pattern-background has-mask-background nonhundred-percent-fullwidth non-hundred-percent-height-scrolling\" style=\"--awb-background-position:right top;--awb-border-radius-top-left:0px;--awb-border-radius-top-right:0px;--awb-border-radius-bottom-right:0px;--awb-border-radius-bottom-left:0px;--awb-flex-wrap:wrap;\" ><div class=\"fusion-builder-row fusion-row fusion-flex-align-items-center fusion-flex-justify-content-space-evenly fusion-flex-content-wrap\" style=\"max-width:1248px;margin-left: calc(-4% \/ 2 );margin-right: calc(-4% \/ 2 );\"><div class=\"fusion-layout-column fusion_builder_column fusion-builder-column-0 fusion_builder_column_1_1 1_1 fusion-flex-column\" style=\"--awb-padding-right:10%;--awb-padding-left:10%;--awb-bg-size:cover;--awb-width-large:100%;--awb-margin-top-large:0px;--awb-spacing-right-large:1.92%;--awb-margin-bottom-large:20px;--awb-spacing-left-large:1.92%;--awb-width-medium:100%;--awb-order-medium:0;--awb-spacing-right-medium:1.92%;--awb-spacing-left-medium:1.92%;--awb-width-small:100%;--awb-order-small:0;--awb-spacing-right-small:1.92%;--awb-spacing-left-small:1.92%;\" data-scroll-devices=\"small-visibility,medium-visibility,large-visibility\"><div class=\"fusion-column-wrapper fusion-column-has-shadow fusion-flex-justify-content-flex-start fusion-content-layout-column\"><div class=\"fusion-title title fusion-title-1 fusion-sep-none fusion-title-center fusion-title-text fusion-title-size-one\"><h1 class=\"fusion-title-heading title-heading-center\" style=\"margin:0;\">El\u00e4inavusteinen valmennus<\/h1><\/div><div class=\"fusion-separator fusion-has-icon fusion-full-width-sep\" style=\"align-self: center;margin-left: auto;margin-right: auto;margin-top:0px;margin-bottom:40px;width:100%;\"><div class=\"fusion-separator-border sep-single sep-solid\" style=\"--awb-height:20px;--awb-amount:20px;--awb-sep-color:#00808c;border-color:#00808c;border-top-width:1px;\"><\/div><span class=\"icon-wrapper\" style=\"border-color:transparent;font-size:25px;width: 1.75em; height: 1.75em;border-width:1px;padding:1px;margin-top:-0.5px\"><i class=\"fa-paw fas\" style=\"font-size: inherit;color:#00808c;\" aria-hidden=\"true\"><\/i><\/span><div class=\"fusion-separator-border sep-single sep-solid\" style=\"--awb-height:20px;--awb-amount:20px;--awb-sep-color:#00808c;border-color:#00808c;border-top-width:1px;\"><\/div><\/div><div class=\"fusion-separator fusion-full-width-sep\" style=\"align-self: center;margin-left: auto;margin-right: auto;margin-top:40px;width:100%;\"><\/div><\/div><\/div><\/div><\/div><div class=\"fusion-fullwidth fullwidth-box fusion-builder-row-2 fusion-flex-container has-pattern-background has-mask-background nonhundred-percent-fullwidth non-hundred-percent-height-scrolling\" style=\"--awb-background-position:right top;--awb-border-radius-top-left:0px;--awb-border-radius-top-right:0px;--awb-border-radius-bottom-right:0px;--awb-border-radius-bottom-left:0px;--awb-flex-wrap:wrap;\" ><div class=\"fusion-builder-row fusion-row fusion-flex-align-items-flex-start fusion-flex-justify-content-space-evenly fusion-flex-content-wrap\" style=\"max-width:1248px;margin-left: calc(-4% \/ 2 );margin-right: calc(-4% \/ 2 );\"><div class=\"fusion-layout-column fusion_builder_column fusion-builder-column-1 fusion_builder_column_1_3 1_3 fusion-flex-column\" style=\"--awb-bg-size:cover;--awb-width-large:33.333333333333%;--awb-margin-top-large:0px;--awb-spacing-right-large:5.76%;--awb-margin-bottom-large:20px;--awb-spacing-left-large:5.76%;--awb-width-medium:33.333333333333%;--awb-order-medium:0;--awb-spacing-right-medium:5.76%;--awb-spacing-left-medium:5.76%;--awb-width-small:100%;--awb-order-small:0;--awb-spacing-right-small:1.92%;--awb-spacing-left-small:1.92%;\"><div class=\"fusion-column-wrapper fusion-column-has-shadow fusion-flex-justify-content-flex-start fusion-content-layout-column\"><div class=\"fusion-title title fusion-title-2 fusion-sep-none fusion-title-text fusion-title-size-two\"><h2 class=\"fusion-title-heading title-heading-left\" style=\"margin:0;\"><h2 class=\"fusion-responsive-typography-calculated\" data-fontsize=\"30\" data-lineheight=\"36px\">El\u00e4inavusteinen valmennus sopii tueksi monenlaisiin haasteisiin ja el\u00e4m\u00e4ntilanteisiin<\/h2><\/h2><\/div><div class=\"fusion-text fusion-text-1\"><p><strong>El\u00e4imen ja luonnon vaikutus<\/strong> <b>ihmisen terveyteen ja hyvinvointiin<\/b> on suuri. \u200bEl\u00e4inavusteisessa valmennuksessa el\u00e4in, usein koira tai hevonen, toimii sosiaali-, terveys- tai kasvatusalan ammattilaisen ty\u00f6parina ja on tavoitteellisesti ja suunnitelmallisesti mukana asiakasty\u00f6ss\u00e4.<\/p>\n<p>Valmentaja k\u00e4ytt\u00e4\u00e4 ty\u00f6ss\u00e4\u00e4n <b>el\u00e4imen sosiaalisuutta ja taitoa kohdata ihminen omana itsen\u00e4\u00e4n<\/b> &#8211; el\u00e4in antaa palautteen suoraan, v\u00e4litt\u00f6m\u00e4sti, rehellisesti ja kaikille samalla tavalla. Lis\u00e4ksi el\u00e4in luo ihmisten v\u00e4liseen kohtaamiseen avoimen, rennon ja j\u00e4nnitteett\u00f6m\u00e4n ilmapiirin, joka antaa valmennettavalle t\u00e4rkeit\u00e4 onnistumisen kokemuksia vuorovaikutus- ja oppimistilanteissa.<\/p>\n<\/div><\/div><\/div><div class=\"fusion-layout-column fusion_builder_column fusion-builder-column-2 fusion_builder_column_2_3 2_3 fusion-flex-column fusion-flex-align-self-flex-start\" style=\"--awb-bg-position:center top;--awb-bg-size:cover;--awb-width-large:66.666666666667%;--awb-margin-top-large:0px;--awb-spacing-right-large:2.88%;--awb-margin-bottom-large:20px;--awb-spacing-left-large:2.88%;--awb-width-medium:66.666666666667%;--awb-order-medium:0;--awb-spacing-right-medium:2.88%;--awb-spacing-left-medium:2.88%;--awb-width-small:100%;--awb-order-small:0;--awb-spacing-right-small:1.92%;--awb-spacing-left-small:1.92%;\" data-scroll-devices=\"small-visibility,medium-visibility,large-visibility\"><div class=\"fusion-column-wrapper fusion-column-has-shadow fusion-flex-justify-content-flex-start fusion-content-layout-column\"><div class=\"fusion-image-element \" style=\"--awb-caption-title-font-family:var(--h2_typography-font-family);--awb-caption-title-font-weight:var(--h2_typography-font-weight);--awb-caption-title-font-style:var(--h2_typography-font-style);--awb-caption-title-size:var(--h2_typography-font-size);--awb-caption-title-transform:var(--h2_typography-text-transform);--awb-caption-title-line-height:var(--h2_typography-line-height);--awb-caption-title-letter-spacing:var(--h2_typography-letter-spacing);\"><span class=\" fusion-imageframe imageframe-none imageframe-1 hover-type-none\"><img decoding=\"async\" width=\"1800\" height=\"1547\" title=\"Anu ja Uuno juoksee kohti\" src=\"https:\/\/olenkorento.fi\/wp-content\/uploads\/2023\/08\/Anu-ja-Uuno-juoksee-kohti.jpg\" alt class=\"img-responsive wp-image-452\" srcset=\"https:\/\/olenkorento.fi\/wp-content\/uploads\/2023\/08\/Anu-ja-Uuno-juoksee-kohti-200x172.jpg 200w, https:\/\/olenkorento.fi\/wp-content\/uploads\/2023\/08\/Anu-ja-Uuno-juoksee-kohti-400x344.jpg 400w, https:\/\/olenkorento.fi\/wp-content\/uploads\/2023\/08\/Anu-ja-Uuno-juoksee-kohti-600x516.jpg 600w, https:\/\/olenkorento.fi\/wp-content\/uploads\/2023\/08\/Anu-ja-Uuno-juoksee-kohti-800x688.jpg 800w, https:\/\/olenkorento.fi\/wp-content\/uploads\/2023\/08\/Anu-ja-Uuno-juoksee-kohti-1200x1031.jpg 1200w, https:\/\/olenkorento.fi\/wp-content\/uploads\/2023\/08\/Anu-ja-Uuno-juoksee-kohti.jpg 1800w\" sizes=\"(max-width: 640px) 100vw, 800px\" \/><\/span><\/div><\/div><\/div><\/div><\/div><div class=\"fusion-fullwidth fullwidth-box fusion-builder-row-3 fusion-flex-container has-pattern-background has-mask-background nonhundred-percent-fullwidth non-hundred-percent-height-scrolling\" style=\"--awb-background-position:right top;--awb-border-radius-top-left:0px;--awb-border-radius-top-right:0px;--awb-border-radius-bottom-right:0px;--awb-border-radius-bottom-left:0px;--awb-flex-wrap:wrap;\" ><div class=\"fusion-builder-row fusion-row fusion-flex-align-items-center fusion-flex-justify-content-space-evenly fusion-flex-content-wrap\" style=\"max-width:1248px;margin-left: calc(-4% \/ 2 );margin-right: calc(-4% \/ 2 );\"><div class=\"fusion-layout-column fusion_builder_column fusion-builder-column-3 fusion_builder_column_1_1 1_1 fusion-flex-column\" style=\"--awb-bg-position:center top;--awb-bg-size:cover;--awb-width-large:100%;--awb-margin-top-large:0px;--awb-spacing-right-large:1.92%;--awb-margin-bottom-large:20px;--awb-spacing-left-large:1.92%;--awb-width-medium:100%;--awb-order-medium:0;--awb-spacing-right-medium:1.92%;--awb-spacing-left-medium:1.92%;--awb-width-small:100%;--awb-order-small:0;--awb-spacing-right-small:1.92%;--awb-spacing-left-small:1.92%;\" data-scroll-devices=\"small-visibility,medium-visibility,large-visibility\"><div class=\"fusion-column-wrapper fusion-column-has-shadow fusion-flex-justify-content-flex-start fusion-content-layout-column\"><div class=\"fusion-separator fusion-full-width-sep\" style=\"align-self: center;margin-left: auto;margin-right: auto;margin-top:40px;margin-bottom:40px;width:100%;\"><\/div><\/div><\/div><div class=\"fusion-layout-column fusion_builder_column fusion-builder-column-4 fusion_builder_column_2_3 2_3 fusion-flex-column fusion-flex-align-self-flex-start\" style=\"--awb-bg-position:center top;--awb-bg-size:cover;--awb-width-large:66.666666666667%;--awb-margin-top-large:0px;--awb-spacing-right-large:2.88%;--awb-margin-bottom-large:20px;--awb-spacing-left-large:2.88%;--awb-width-medium:66.666666666667%;--awb-order-medium:0;--awb-spacing-right-medium:2.88%;--awb-spacing-left-medium:2.88%;--awb-width-small:100%;--awb-order-small:0;--awb-spacing-right-small:1.92%;--awb-spacing-left-small:1.92%;\" data-scroll-devices=\"small-visibility,medium-visibility,large-visibility\"><div class=\"fusion-column-wrapper fusion-column-has-shadow fusion-flex-justify-content-flex-start fusion-content-layout-column\"><div class=\"fusion-image-element \" style=\"--awb-caption-title-font-family:var(--h2_typography-font-family);--awb-caption-title-font-weight:var(--h2_typography-font-weight);--awb-caption-title-font-style:var(--h2_typography-font-style);--awb-caption-title-size:var(--h2_typography-font-size);--awb-caption-title-transform:var(--h2_typography-text-transform);--awb-caption-title-line-height:var(--h2_typography-line-height);--awb-caption-title-letter-spacing:var(--h2_typography-letter-spacing);\"><span class=\" fusion-imageframe imageframe-none imageframe-2 hover-type-none\"><img decoding=\"async\" width=\"800\" height=\"1200\" title=\"Anu_Uuno-vieress\u00e4\" src=\"https:\/\/olenkorento.fi\/wp-content\/uploads\/2023\/08\/Anu_Uuno-vieressa.jpg\" alt class=\"img-responsive wp-image-155\" srcset=\"https:\/\/olenkorento.fi\/wp-content\/uploads\/2023\/08\/Anu_Uuno-vieressa-200x300.jpg 200w, https:\/\/olenkorento.fi\/wp-content\/uploads\/2023\/08\/Anu_Uuno-vieressa-400x600.jpg 400w, https:\/\/olenkorento.fi\/wp-content\/uploads\/2023\/08\/Anu_Uuno-vieressa-600x900.jpg 600w, https:\/\/olenkorento.fi\/wp-content\/uploads\/2023\/08\/Anu_Uuno-vieressa.jpg 800w\" sizes=\"(max-width: 640px) 100vw, 800px\" \/><\/span><\/div><\/div><\/div><div class=\"fusion-layout-column fusion_builder_column fusion-builder-column-5 fusion_builder_column_1_3 1_3 fusion-flex-column fusion-flex-align-self-flex-start\" style=\"--awb-bg-size:cover;--awb-width-large:33.333333333333%;--awb-margin-top-large:0px;--awb-spacing-right-large:5.76%;--awb-margin-bottom-large:20px;--awb-spacing-left-large:5.76%;--awb-width-medium:33.333333333333%;--awb-order-medium:0;--awb-spacing-right-medium:5.76%;--awb-spacing-left-medium:5.76%;--awb-width-small:100%;--awb-order-small:0;--awb-spacing-right-small:1.92%;--awb-spacing-left-small:1.92%;\" data-scroll-devices=\"small-visibility,medium-visibility,large-visibility\"><div class=\"fusion-column-wrapper fusion-column-has-shadow fusion-flex-justify-content-flex-start fusion-content-layout-column\"><div class=\"fusion-title title fusion-title-3 fusion-sep-none fusion-title-text fusion-title-size-two\"><h2 class=\"fusion-title-heading title-heading-left\" style=\"margin:0;\">Vuorovaikutuksessa kohti tavoitteita<\/h2><\/div><div class=\"fusion-text fusion-text-2\"><p>Valmennuksessa el\u00e4inavusteisuus yhdistyy valmentajan ammatilliseen osaamiseen ja ty\u00f6kokemukseen. Valmennus perustuu voimavara- ja ratkaisukeskeisyyteen, jolloin l\u00e4ht\u00f6kohtana ovat asiakasl\u00e4ht\u00f6isyys, asiakkaan voimavarat, arvostava vuorovaikutus, luovuus ja huumori.<\/p>\n<p>Ty\u00f6skentelyss\u00e4 painottuvat <strong>tulevaisuuden mahdollisuudet, asiakkaan tavoitteet, uudet ideat ja toivo<\/strong>. Ty\u00f6skentely koostuu keskusteluista ja el\u00e4imen kanssa teht\u00e4vist\u00e4 harjoituksista.<\/p>\n<p>El\u00e4inavusteisen valmennuksen <strong>tavoitteena on asiakkaan arjen ja el\u00e4m\u00e4n tukeminen<\/strong>. Aluksi m\u00e4\u00e4ritell\u00e4\u00e4n asiat, joihin halutaan muutosta ja asetetaan tavoitteet. Tavoitteena voi olla esimerkiksi toiminnanohjauksen tai oman tunnes\u00e4\u00e4telyn parantaminen, sosiaalisissa tilanteissa toimimisen helpottuminen tai tietyn arkisen askareen harjoittelu. El\u00e4imen kanssa teht\u00e4v\u00e4t harjoitteet m\u00e4\u00e4ritell\u00e4\u00e4n aina tapauskohtaisesti.<\/p>\n<\/div><\/div><\/div><\/div><\/div><div class=\"fusion-fullwidth fullwidth-box fusion-builder-row-4 fusion-flex-container has-pattern-background has-mask-background nonhundred-percent-fullwidth non-hundred-percent-height-scrolling\" style=\"--awb-background-position:right top;--awb-border-radius-top-left:0px;--awb-border-radius-top-right:0px;--awb-border-radius-bottom-right:0px;--awb-border-radius-bottom-left:0px;--awb-flex-wrap:wrap;\" ><div class=\"fusion-builder-row fusion-row fusion-flex-align-items-center fusion-flex-justify-content-space-evenly fusion-flex-content-wrap\" style=\"max-width:1248px;margin-left: calc(-4% \/ 2 );margin-right: calc(-4% \/ 2 );\"><div class=\"fusion-layout-column fusion_builder_column fusion-builder-column-6 fusion_builder_column_1_1 1_1 fusion-flex-column\" style=\"--awb-bg-position:center top;--awb-bg-size:cover;--awb-width-large:100%;--awb-margin-top-large:0px;--awb-spacing-right-large:1.92%;--awb-margin-bottom-large:20px;--awb-spacing-left-large:1.92%;--awb-width-medium:100%;--awb-order-medium:0;--awb-spacing-right-medium:1.92%;--awb-spacing-left-medium:1.92%;--awb-width-small:100%;--awb-order-small:0;--awb-spacing-right-small:1.92%;--awb-spacing-left-small:1.92%;\" data-scroll-devices=\"small-visibility,medium-visibility,large-visibility\"><div class=\"fusion-column-wrapper fusion-column-has-shadow fusion-flex-justify-content-flex-start fusion-content-layout-column\"><div class=\"fusion-separator fusion-full-width-sep\" style=\"align-self: center;margin-left: auto;margin-right: auto;margin-top:40px;margin-bottom:40px;width:100%;\"><\/div><\/div><\/div><div class=\"fusion-layout-column fusion_builder_column fusion-builder-column-7 fusion_builder_column_1_3 1_3 fusion-flex-column\" style=\"--awb-bg-size:cover;--awb-width-large:33.333333333333%;--awb-margin-top-large:0px;--awb-spacing-right-large:5.76%;--awb-margin-bottom-large:20px;--awb-spacing-left-large:5.76%;--awb-width-medium:33.333333333333%;--awb-order-medium:0;--awb-spacing-right-medium:5.76%;--awb-spacing-left-medium:5.76%;--awb-width-small:100%;--awb-order-small:0;--awb-spacing-right-small:1.92%;--awb-spacing-left-small:1.92%;\"><div class=\"fusion-column-wrapper fusion-column-has-shadow fusion-flex-justify-content-flex-start fusion-content-layout-column\"><div class=\"fusion-title title fusion-title-4 fusion-sep-none fusion-title-text fusion-title-size-two\"><h2 class=\"fusion-title-heading title-heading-left\" style=\"margin:0;\">Mukana asiakkaan arjessa<\/h2><\/div><div class=\"fusion-text fusion-text-3\"><p><strong>Lapset, vanhukset, nuoret tai nuoret aikuiset<\/strong>, joilla on esimerkiksi neuropsykiatrisia ongelmia, sosiaalisten tilanteiden pelkoa tai erilaisia k\u00e4yt\u00f6shaasteita, hy\u00f6tyv\u00e4t usein<b> uusien asioiden tai k\u00e4yt\u00f6smallien opettelusta el\u00e4imen tuella<\/b>. El\u00e4inavusteisuus on oivallinen menetelm\u00e4 my\u00f6s esimerkiksi kehitysvammaisten kuntoutus- ja terapiatoiminnassa. Yksil\u00f6valmennuksen lis\u00e4ksi el\u00e4inavusteista valmennusta voidaan j\u00e4rjest\u00e4\u00e4 my\u00f6s ryhm\u00e4muotoisena.<\/p>\n<p>Esimerkiksi koiran kanssa toimittaessa on valmentaja-koira-ty\u00f6parin helppo liikkua paikasta toiseen. Valmennus voidaankin toteuttaa t\u00e4ysin asiakasl\u00e4ht\u00f6isesti <b>olemalla mukana asiakkaan tai ryhm\u00e4n arjessa<\/b>: kotona, koulussa, ty\u00f6ss\u00e4 tai vaikkapa harrastuksissa.<\/p>\n<\/div><\/div><\/div><div class=\"fusion-layout-column fusion_builder_column fusion-builder-column-8 fusion_builder_column_2_3 2_3 fusion-flex-column fusion-flex-align-self-flex-start\" style=\"--awb-bg-position:center top;--awb-bg-size:cover;--awb-width-large:66.666666666667%;--awb-margin-top-large:0px;--awb-spacing-right-large:2.88%;--awb-margin-bottom-large:20px;--awb-spacing-left-large:2.88%;--awb-width-medium:66.666666666667%;--awb-order-medium:0;--awb-spacing-right-medium:2.88%;--awb-spacing-left-medium:2.88%;--awb-width-small:100%;--awb-order-small:0;--awb-spacing-right-small:1.92%;--awb-spacing-left-small:1.92%;\" data-scroll-devices=\"small-visibility,medium-visibility,large-visibility\"><div class=\"fusion-column-wrapper fusion-column-has-shadow fusion-flex-justify-content-flex-start fusion-content-layout-column\"><div class=\"fusion-image-element \" style=\"--awb-caption-title-font-family:var(--h2_typography-font-family);--awb-caption-title-font-weight:var(--h2_typography-font-weight);--awb-caption-title-font-style:var(--h2_typography-font-style);--awb-caption-title-size:var(--h2_typography-font-size);--awb-caption-title-transform:var(--h2_typography-text-transform);--awb-caption-title-line-height:var(--h2_typography-line-height);--awb-caption-title-letter-spacing:var(--h2_typography-letter-spacing);\"><span class=\" fusion-imageframe imageframe-none imageframe-3 hover-type-none\"><img decoding=\"async\" width=\"1800\" height=\"1388\" title=\"Anu katsoo Unoa maassa\" src=\"https:\/\/olenkorento.fi\/wp-content\/uploads\/2023\/08\/Anu-katsoo-Unoa-maassa.jpg\" alt class=\"img-responsive wp-image-458\" srcset=\"https:\/\/olenkorento.fi\/wp-content\/uploads\/2023\/08\/Anu-katsoo-Unoa-maassa-200x154.jpg 200w, https:\/\/olenkorento.fi\/wp-content\/uploads\/2023\/08\/Anu-katsoo-Unoa-maassa-400x308.jpg 400w, https:\/\/olenkorento.fi\/wp-content\/uploads\/2023\/08\/Anu-katsoo-Unoa-maassa-600x463.jpg 600w, https:\/\/olenkorento.fi\/wp-content\/uploads\/2023\/08\/Anu-katsoo-Unoa-maassa-800x617.jpg 800w, https:\/\/olenkorento.fi\/wp-content\/uploads\/2023\/08\/Anu-katsoo-Unoa-maassa-1200x925.jpg 1200w, https:\/\/olenkorento.fi\/wp-content\/uploads\/2023\/08\/Anu-katsoo-Unoa-maassa.jpg 1800w\" sizes=\"(max-width: 640px) 100vw, 800px\" \/><\/span><\/div><\/div><\/div><\/div><\/div><div class=\"fusion-fullwidth fullwidth-box fusion-builder-row-5 fusion-flex-container has-pattern-background has-mask-background nonhundred-percent-fullwidth non-hundred-percent-height-scrolling\" style=\"--awb-background-position:right top;--awb-border-radius-top-left:0px;--awb-border-radius-top-right:0px;--awb-border-radius-bottom-right:0px;--awb-border-radius-bottom-left:0px;--awb-flex-wrap:wrap;\" ><div class=\"fusion-builder-row fusion-row fusion-flex-align-items-center fusion-flex-justify-content-space-evenly fusion-flex-content-wrap\" style=\"max-width:1248px;margin-left: calc(-4% \/ 2 );margin-right: calc(-4% \/ 2 );\"><div class=\"fusion-layout-column fusion_builder_column fusion-builder-column-9 fusion_builder_column_1_1 1_1 fusion-flex-column\" style=\"--awb-padding-right:10%;--awb-padding-left:10%;--awb-bg-size:cover;--awb-width-large:100%;--awb-margin-top-large:0px;--awb-spacing-right-large:1.92%;--awb-margin-bottom-large:20px;--awb-spacing-left-large:1.92%;--awb-width-medium:100%;--awb-order-medium:0;--awb-spacing-right-medium:1.92%;--awb-spacing-left-medium:1.92%;--awb-width-small:100%;--awb-order-small:0;--awb-spacing-right-small:1.92%;--awb-spacing-left-small:1.92%;\" data-scroll-devices=\"small-visibility,medium-visibility,large-visibility\"><div class=\"fusion-column-wrapper fusion-column-has-shadow fusion-flex-justify-content-flex-start fusion-content-layout-column\"><div class=\"fusion-separator fusion-full-width-sep\" style=\"align-self: center;margin-left: auto;margin-right: auto;margin-top:50px;margin-bottom:50px;width:100%;\"><\/div><div class=\"fusion-separator fusion-has-icon fusion-full-width-sep\" style=\"align-self: center;margin-left: auto;margin-right: auto;margin-top:0px;margin-bottom:40px;width:100%;\"><div class=\"fusion-separator-border sep-single sep-solid\" style=\"--awb-height:20px;--awb-amount:20px;--awb-sep-color:#00808c;border-color:#00808c;border-top-width:1px;\"><\/div><span class=\"icon-wrapper\" style=\"border-color:transparent;font-size:25px;width: 1.75em; height: 1.75em;border-width:1px;padding:1px;margin-top:-0.5px\"><i class=\"fa-paw fas\" style=\"font-size: inherit;color:#00808c;\" aria-hidden=\"true\"><\/i><\/span><div class=\"fusion-separator-border sep-single sep-solid\" style=\"--awb-height:20px;--awb-amount:20px;--awb-sep-color:#00808c;border-color:#00808c;border-top-width:1px;\"><\/div><\/div><div class=\"fusion-title title fusion-title-5 fusion-sep-none fusion-title-center fusion-title-text fusion-title-size-three\"><h3 class=\"fusion-title-heading title-heading-center\" style=\"margin:0;\"><p style=\"text-align: center;\"><em>Juuri kun tuntuu, ett\u00e4 kaamos imee v\u00e4symyksen suohon.<\/em><\/p>\n<p style=\"text-align: center;\"><em>Kiitollisuus kumppanuudesta ja yst\u00e4vyydest\u00e4.<\/em><\/p>\n<p style=\"text-align: center;\"><em>El\u00e4inavusteisuuden, turvallisuuden, hyv\u00e4ksynn\u00e4n ja luottamuksen \u00e4\u00e4relle p\u00e4\u00e4simme t\u00e4n\u00e4\u00e4n. Jokainen sai tuntea juuri niin kuin siin\u00e4 hetkess\u00e4 tuntui. <\/em><\/p>\n<p style=\"text-align: center;\"><em>Kyyneleit\u00e4 helpotuksesta, rauhan tunteesta ja erityisesti hyvyyden ja onnistumisen ilosta. Hymy\u00e4 ja puhetta. <\/em><\/p>\n<p style=\"text-align: center;\"><em>El\u00e4inavusteisuuden vaikuttavuutta on vaikea selitt\u00e4\u00e4, se t\u00e4ytyy kokea. <\/em><\/p>\n<p style=\"text-align: center;\"><em>V\u00e4hemm\u00e4n on enemm\u00e4n, hiljaisuutta oppii hyv\u00e4ksym\u00e4\u00e4n ja meiss\u00e4 kaikissa on hyvyys.<\/em><\/p><\/h3><\/div><div class=\"fusion-separator fusion-full-width-sep\" style=\"align-self: center;margin-left: auto;margin-right: auto;margin-top:40px;width:100%;\"><\/div><div class=\"fusion-separator fusion-has-icon fusion-full-width-sep\" style=\"align-self: center;margin-left: auto;margin-right: auto;margin-top:0px;margin-bottom:40px;width:100%;\"><div class=\"fusion-separator-border sep-single sep-solid\" style=\"--awb-height:20px;--awb-amount:20px;--awb-sep-color:#00808c;border-color:#00808c;border-top-width:1px;\"><\/div><span class=\"icon-wrapper\" style=\"border-color:transparent;font-size:25px;width: 1.75em; height: 1.75em;border-width:1px;padding:1px;margin-top:-0.5px\"><i class=\"fa-paw fas\" style=\"font-size: inherit;color:#00808c;\" aria-hidden=\"true\"><\/i><\/span><div class=\"fusion-separator-border sep-single sep-solid\" style=\"--awb-height:20px;--awb-amount:20px;--awb-sep-color:#00808c;border-color:#00808c;border-top-width:1px;\"><\/div><\/div><\/div><\/div><\/div><\/div><div class=\"fusion-fullwidth fullwidth-box fusion-builder-row-6 fusion-flex-container has-pattern-background has-mask-background nonhundred-percent-fullwidth non-hundred-percent-height-scrolling\" style=\"--awb-border-radius-top-left:0px;--awb-border-radius-top-right:0px;--awb-border-radius-bottom-right:0px;--awb-border-radius-bottom-left:0px;--awb-flex-wrap:wrap;\" ><div class=\"fusion-builder-row fusion-row fusion-flex-align-items-flex-start fusion-flex-content-wrap\" style=\"max-width:1248px;margin-left: calc(-4% \/ 2 );margin-right: calc(-4% \/ 2 );\"><div class=\"fusion-layout-column fusion_builder_column fusion-builder-column-10 fusion_builder_column_1_1 1_1 fusion-flex-column\" style=\"--awb-bg-size:cover;--awb-width-large:100%;--awb-margin-top-large:0px;--awb-spacing-right-large:1.92%;--awb-margin-bottom-large:20px;--awb-spacing-left-large:1.92%;--awb-width-medium:100%;--awb-order-medium:0;--awb-spacing-right-medium:1.92%;--awb-spacing-left-medium:1.92%;--awb-width-small:100%;--awb-order-small:0;--awb-spacing-right-small:1.92%;--awb-spacing-left-small:1.92%;\"><div class=\"fusion-column-wrapper fusion-column-has-shadow fusion-flex-justify-content-flex-start fusion-content-layout-column\"><div class=\"fusion-separator fusion-full-width-sep\" style=\"align-self: center;margin-left: auto;margin-right: auto;margin-top:50px;margin-bottom:50px;width:100%;\"><\/div><\/div><\/div><\/div><\/div><\/p>\n","protected":false},"excerpt":{"rendered":"","protected":false},"author":2,"featured_media":0,"parent":0,"menu_order":0,"comment_status":"closed","ping_status":"closed","template":"100-width.php","meta":{"footnotes":""},"class_list":["post-87","page","type-page","status-publish","hentry"],"_links":{"self":[{"href":"https:\/\/olenkorento.fi\/index.php\/wp-json\/wp\/v2\/pages\/87","targetHints":{"allow":["GET"]}}],"collection":[{"href":"https:\/\/olenkorento.fi\/index.php\/wp-json\/wp\/v2\/pages"}],"about":[{"href":"https:\/\/olenkorento.fi\/index.php\/wp-json\/wp\/v2\/types\/page"}],"author":[{"embeddable":true,"href":"https:\/\/olenkorento.fi\/index.php\/wp-json\/wp\/v2\/users\/2"}],"replies":[{"embeddable":true,"href":"https:\/\/olenkorento.fi\/index.php\/wp-json\/wp\/v2\/comments?post=87"}],"version-history":[{"count":35,"href":"https:\/\/olenkorento.fi\/index.php\/wp-json\/wp\/v2\/pages\/87\/revisions"}],"predecessor-version":[{"id":562,"href":"https:\/\/olenkorento.fi\/index.php\/wp-json\/wp\/v2\/pages\/87\/revisions\/562"}],"wp:attachment":[{"href":"https:\/\/olenkorento.fi\/index.php\/wp-json\/wp\/v2\/media?parent=87"}],"curies":[{"name":"wp","href":"https:\/\/api.w.org\/{rel}","templated":true}]}}