{"id":93,"date":"2023-06-14T15:24:00","date_gmt":"2023-06-14T12:24:00","guid":{"rendered":"https:\/\/olenkorento.fi\/?page_id=93"},"modified":"2023-08-25T18:00:32","modified_gmt":"2023-08-25T15:00:32","slug":"dobo","status":"publish","type":"page","link":"https:\/\/olenkorento.fi\/index.php\/dobo\/","title":{"rendered":"Dobo"},"content":{"rendered":"<p><div class=\"fusion-fullwidth fullwidth-box fusion-builder-row-1 fusion-flex-container has-pattern-background has-mask-background nonhundred-percent-fullwidth non-hundred-percent-height-scrolling\" style=\"--awb-background-position:right top;--awb-border-radius-top-left:0px;--awb-border-radius-top-right:0px;--awb-border-radius-bottom-right:0px;--awb-border-radius-bottom-left:0px;--awb-padding-right:10%;--awb-padding-left:10%;--awb-flex-wrap:wrap;\" ><div class=\"fusion-builder-row fusion-row fusion-flex-align-items-center fusion-flex-justify-content-space-evenly fusion-flex-content-wrap\" style=\"max-width:1248px;margin-left: calc(-4% \/ 2 );margin-right: calc(-4% \/ 2 );\"><div class=\"fusion-layout-column fusion_builder_column fusion-builder-column-0 fusion_builder_column_1_1 1_1 fusion-flex-column\" style=\"--awb-bg-size:cover;--awb-width-large:100%;--awb-margin-top-large:0px;--awb-spacing-right-large:1.92%;--awb-margin-bottom-large:20px;--awb-spacing-left-large:1.92%;--awb-width-medium:100%;--awb-order-medium:0;--awb-spacing-right-medium:1.92%;--awb-spacing-left-medium:1.92%;--awb-width-small:100%;--awb-order-small:0;--awb-spacing-right-small:1.92%;--awb-spacing-left-small:1.92%;\"><div class=\"fusion-column-wrapper fusion-column-has-shadow fusion-flex-justify-content-flex-start fusion-content-layout-column\"><div class=\"fusion-title title fusion-title-1 fusion-sep-none fusion-title-center fusion-title-text fusion-title-size-one\"><h1 class=\"fusion-title-heading title-heading-center\" style=\"margin:0;\">Dobo<\/h1><\/div><div class=\"fusion-separator fusion-has-icon fusion-full-width-sep\" style=\"align-self: center;margin-left: auto;margin-right: auto;margin-top:0px;margin-bottom:40px;width:100%;\"><div class=\"fusion-separator-border sep-single sep-solid\" style=\"--awb-height:20px;--awb-amount:20px;--awb-sep-color:#00808c;border-color:#00808c;border-top-width:1px;\"><\/div><span class=\"icon-wrapper\" style=\"border-color:transparent;font-size:25px;width: 1.75em; height: 1.75em;border-width:1px;padding:1px;margin-top:-0.5px\"><i class=\"fa-paw fas\" style=\"font-size: inherit;color:#00808c;\" aria-hidden=\"true\"><\/i><\/span><div class=\"fusion-separator-border sep-single sep-solid\" style=\"--awb-height:20px;--awb-amount:20px;--awb-sep-color:#00808c;border-color:#00808c;border-top-width:1px;\"><\/div><\/div><\/div><\/div><\/div><\/div><div class=\"fusion-fullwidth fullwidth-box fusion-builder-row-2 fusion-flex-container has-pattern-background has-mask-background nonhundred-percent-fullwidth non-hundred-percent-height-scrolling\" style=\"--awb-background-position:right top;--awb-border-radius-top-left:0px;--awb-border-radius-top-right:0px;--awb-border-radius-bottom-right:0px;--awb-border-radius-bottom-left:0px;--awb-flex-wrap:wrap;\" ><div class=\"fusion-builder-row fusion-row fusion-flex-align-items-center fusion-flex-justify-content-space-evenly fusion-flex-content-wrap\" style=\"max-width:1248px;margin-left: calc(-4% \/ 2 );margin-right: calc(-4% \/ 2 );\"><div class=\"fusion-layout-column fusion_builder_column fusion-builder-column-1 fusion_builder_column_1_3 1_3 fusion-flex-column\" style=\"--awb-bg-size:cover;--awb-width-large:33.333333333333%;--awb-margin-top-large:0px;--awb-spacing-right-large:5.76%;--awb-margin-bottom-large:20px;--awb-spacing-left-large:5.76%;--awb-width-medium:33.333333333333%;--awb-order-medium:0;--awb-spacing-right-medium:5.76%;--awb-spacing-left-medium:5.76%;--awb-width-small:100%;--awb-order-small:0;--awb-spacing-right-small:1.92%;--awb-spacing-left-small:1.92%;\" data-scroll-devices=\"small-visibility,medium-visibility,large-visibility\"><div class=\"fusion-column-wrapper fusion-column-has-shadow fusion-flex-justify-content-space-around fusion-content-layout-column\"><div class=\"fusion-title title fusion-title-2 fusion-sep-none fusion-title-text fusion-title-size-two\" style=\"--awb-margin-top:0px;--awb-margin-bottom:20px;\"><h2 class=\"fusion-title-heading title-heading-left\" style=\"margin:0;\">Rennoilla DOBO-tunneilla ei jaeta tyylipisteit\u00e4<\/h2><\/div><div class=\"fusion-text fusion-text-1\"><p>Laji <strong>sopii kaiken tasoisille harrastajille<\/strong>. Dobo-harjoituksissa k\u00e4ytet\u00e4\u00e4n tasapainotyynyj\u00e4, puolipalloja ja erityisi\u00e4 dobo-palloja. Harjoitteita pystyt\u00e4\u00e4n muokkaamaan sopiviksi koirakon tason mukaan.<\/p>\n<p>Olen toiminut kuuden vuoden ajan DOBO-koulutusohjaajana. Voit kysy\u00e4 tarkempia tietoja t\u00e4ll\u00e4 hetkell\u00e4 meneill\u00e4\u00e4n olevista kursseista puhelimitse tai s\u00e4hk\u00f6postitse. Jos koirallasi on terveyshuolia, varmista DOBOn sopivuus el\u00e4inl\u00e4\u00e4k\u00e4rilt\u00e4si tai el\u00e4int\u00e4si hoitavalta fysioterapeutilta.<\/p>\n<\/div><div class=\"fusion-title title fusion-title-3 fusion-sep-none fusion-title-text fusion-title-size-two\" style=\"--awb-margin-top:30px;\"><h2 class=\"fusion-title-heading title-heading-left\" style=\"margin:0;\">N\u00e4in valmistaudut DOBO-tunnille<\/h2><\/div><div class=\"fusion-text fusion-text-2\"><p>DOBO-tunnille tarvitset <strong>mukaan vett\u00e4<\/strong>, <strong>vesikupin<\/strong> koirallesi sek\u00e4 riitt\u00e4v\u00e4sti maistuvia, <strong>helposti nielt\u00e4vi\u00e4 namupaloja<\/strong> harjoituskaverisi palkitsemiseen. Koiralle kannattaa ottaa mukaan my\u00f6s viltti tai h\u00e4kki huilaamista varten. Varaa itsellesi joustavat ja kirist\u00e4m\u00e4tt\u00f6m\u00e4t vaatteet, jotta pystyt liikkumaan mukavasti.<\/p>\n<p>Ennen tunnille tuloa huolehdi sek\u00e4 omasta ett\u00e4 koirasi kevyest\u00e4 l\u00e4mmittelyst\u00e4 esimerkiksi <strong>15-20 minuutin etuk\u00e4teislenkill\u00e4<\/strong>.<\/p>\n<\/div><div class=\"fusion-title title fusion-title-4 fusion-sep-none fusion-title-text fusion-title-size-two\" style=\"--awb-margin-top:30px;\"><h2 class=\"fusion-title-heading title-heading-left\" style=\"margin:0;\">Tervetuloa mukaan doboilemaan!<\/h2><\/div><div class=\"fusion-text fusion-text-3\"><p>DOBO on rekister\u00f6ity tuotemerkki ja sit\u00e4 saavat k\u00e4ytt\u00e4\u00e4 kaikki dobokoulutusohjaajakurssin hyv\u00e4ksytt\u00e4v\u00e4sti suorittaneet.<\/p>\n<\/div><\/div><\/div><div class=\"fusion-layout-column fusion_builder_column fusion-builder-column-2 fusion_builder_column_2_3 2_3 fusion-flex-column\" style=\"--awb-bg-image:url(&#039;https:\/\/olenkorento.fi\/wp-content\/uploads\/2023\/08\/Anu_Unno_virekkain_nurmella.jpg&#039;);--awb-bg-position:center top;--awb-bg-size:cover;--awb-width-large:66.666666666667%;--awb-margin-top-large:0px;--awb-spacing-right-large:2.88%;--awb-margin-bottom-large:20px;--awb-spacing-left-large:2.88%;--awb-width-medium:66.666666666667%;--awb-order-medium:0;--awb-spacing-right-medium:2.88%;--awb-spacing-left-medium:2.88%;--awb-width-small:100%;--awb-order-small:0;--awb-spacing-right-small:1.92%;--awb-spacing-left-small:1.92%;\" data-scroll-devices=\"small-visibility,medium-visibility,large-visibility\"><div class=\"fusion-column-wrapper fusion-column-has-shadow fusion-flex-justify-content-flex-start fusion-content-layout-column fusion-empty-column-bg-image fusion-column-has-bg-image\" data-bg-url=\"https:\/\/olenkorento.fi\/wp-content\/uploads\/2023\/08\/Anu_Unno_virekkain_nurmella.jpg\"><img decoding=\"async\" class=\"fusion-empty-dims-img-placeholder\" aria-label=\"Anu_Unno_virekk\u00e4in_nurmella\" src=\"data:image\/svg+xml,%3Csvg%20xmlns%3D%27http%3A%2F%2Fwww.w3.org%2F2000%2Fsvg%27%20width%3D%27768%27%20height%3D%271200%27%20viewBox%3D%270%200%20768%201200%27%3E%3Crect%20width%3D%27768%27%20height%3D%271200%27%20fill-opacity%3D%220%22%2F%3E%3C%2Fsvg%3E\"><\/div><\/div><\/div><\/div><\/p>\n","protected":false},"excerpt":{"rendered":"","protected":false},"author":2,"featured_media":0,"parent":0,"menu_order":0,"comment_status":"closed","ping_status":"closed","template":"100-width.php","meta":{"footnotes":""},"class_list":["post-93","page","type-page","status-publish","hentry"],"_links":{"self":[{"href":"https:\/\/olenkorento.fi\/index.php\/wp-json\/wp\/v2\/pages\/93","targetHints":{"allow":["GET"]}}],"collection":[{"href":"https:\/\/olenkorento.fi\/index.php\/wp-json\/wp\/v2\/pages"}],"about":[{"href":"https:\/\/olenkorento.fi\/index.php\/wp-json\/wp\/v2\/types\/page"}],"author":[{"embeddable":true,"href":"https:\/\/olenkorento.fi\/index.php\/wp-json\/wp\/v2\/users\/2"}],"replies":[{"embeddable":true,"href":"https:\/\/olenkorento.fi\/index.php\/wp-json\/wp\/v2\/comments?post=93"}],"version-history":[{"count":12,"href":"https:\/\/olenkorento.fi\/index.php\/wp-json\/wp\/v2\/pages\/93\/revisions"}],"predecessor-version":[{"id":343,"href":"https:\/\/olenkorento.fi\/index.php\/wp-json\/wp\/v2\/pages\/93\/revisions\/343"}],"wp:attachment":[{"href":"https:\/\/olenkorento.fi\/index.php\/wp-json\/wp\/v2\/media?parent=93"}],"curies":[{"name":"wp","href":"https:\/\/api.w.org\/{rel}","templated":true}]}}