{"id":95,"date":"2023-06-14T15:25:06","date_gmt":"2023-06-14T12:25:06","guid":{"rendered":"https:\/\/olenkorento.fi\/?page_id=95"},"modified":"2023-08-30T16:46:06","modified_gmt":"2023-08-30T13:46:06","slug":"psyykkinen-valmennus-urheilijoille","status":"publish","type":"page","link":"https:\/\/olenkorento.fi\/index.php\/psyykkinen-valmennus-urheilijoille\/","title":{"rendered":"Psyykkinen valmennus urheilijoille"},"content":{"rendered":"<p><div class=\"fusion-fullwidth fullwidth-box fusion-builder-row-1 fusion-flex-container has-pattern-background has-mask-background nonhundred-percent-fullwidth non-hundred-percent-height-scrolling\" style=\"--awb-background-position:right top;--awb-border-radius-top-left:0px;--awb-border-radius-top-right:0px;--awb-border-radius-bottom-right:0px;--awb-border-radius-bottom-left:0px;--awb-padding-right:10%;--awb-padding-left:10%;--awb-flex-wrap:wrap;\" ><div class=\"fusion-builder-row fusion-row fusion-flex-align-items-center fusion-flex-justify-content-space-evenly fusion-flex-content-wrap\" style=\"max-width:1248px;margin-left: calc(-4% \/ 2 );margin-right: calc(-4% \/ 2 );\"><div class=\"fusion-layout-column fusion_builder_column fusion-builder-column-0 fusion_builder_column_1_1 1_1 fusion-flex-column\" style=\"--awb-bg-size:cover;--awb-width-large:100%;--awb-margin-top-large:0px;--awb-spacing-right-large:1.92%;--awb-margin-bottom-large:20px;--awb-spacing-left-large:1.92%;--awb-width-medium:100%;--awb-order-medium:0;--awb-spacing-right-medium:1.92%;--awb-spacing-left-medium:1.92%;--awb-width-small:100%;--awb-order-small:0;--awb-spacing-right-small:1.92%;--awb-spacing-left-small:1.92%;\"><div class=\"fusion-column-wrapper fusion-column-has-shadow fusion-flex-justify-content-flex-start fusion-content-layout-column\"><div class=\"fusion-title title fusion-title-1 fusion-no-small-visibility fusion-sep-none fusion-title-center fusion-title-text fusion-title-size-one\"><h1 class=\"fusion-title-heading title-heading-center\" style=\"margin:0;\">Psyykkinen valmennus urheilijoille ja joukkueille<\/h1><\/div><div class=\"fusion-title title fusion-title-2 fusion-no-medium-visibility fusion-no-large-visibility fusion-sep-none fusion-title-center fusion-title-text fusion-title-size-one\" style=\"--awb-font-size:35px;\"><h1 class=\"fusion-title-heading title-heading-center\" style=\"margin:0;font-size:1em;\">Psyykkinen valmennus urheilijoille ja joukkueille<\/h1><\/div><div class=\"fusion-separator fusion-has-icon fusion-full-width-sep\" style=\"align-self: center;margin-left: auto;margin-right: auto;margin-top:0px;margin-bottom:40px;width:100%;\"><div class=\"fusion-separator-border sep-single sep-solid\" style=\"--awb-height:20px;--awb-amount:20px;--awb-sep-color:#00808c;border-color:#00808c;border-top-width:1px;\"><\/div><span class=\"icon-wrapper\" style=\"border-color:transparent;font-size:25px;width: 1.75em; height: 1.75em;border-width:1px;padding:1px;margin-top:-0.5px\"><i class=\"fa-paw fas\" style=\"font-size: inherit;color:#00808c;\" aria-hidden=\"true\"><\/i><\/span><div class=\"fusion-separator-border sep-single sep-solid\" style=\"--awb-height:20px;--awb-amount:20px;--awb-sep-color:#00808c;border-color:#00808c;border-top-width:1px;\"><\/div><\/div><\/div><\/div><\/div><\/div><div class=\"fusion-fullwidth fullwidth-box fusion-builder-row-2 fusion-flex-container has-pattern-background has-mask-background fusion-parallax-none nonhundred-percent-fullwidth non-hundred-percent-height-scrolling\" style=\"--awb-background-position:left top;--awb-border-radius-top-left:0px;--awb-border-radius-top-right:0px;--awb-border-radius-bottom-right:0px;--awb-border-radius-bottom-left:0px;--awb-background-image:linear-gradient(180deg, #ffffff 0%,rgba(255,255,255,0) 20%),url(https:\/\/olenkorento.fi\/wp-content\/uploads\/2023\/08\/Uuno_juoksee_hangella_pink_lelu_suussa-1.jpg);;--awb-background-size:cover;--awb-flex-wrap:wrap;\" ><div class=\"fusion-builder-row fusion-row fusion-flex-align-items-center fusion-flex-justify-content-space-evenly fusion-flex-content-wrap\" style=\"max-width:1248px;margin-left: calc(-4% \/ 2 );margin-right: calc(-4% \/ 2 );\"><div class=\"fusion-layout-column fusion_builder_column fusion-builder-column-1 fusion_builder_column_2_3 2_3 fusion-flex-column\" style=\"--awb-bg-position:center top;--awb-bg-size:cover;--awb-width-large:66.666666666667%;--awb-margin-top-large:0px;--awb-spacing-right-large:2.88%;--awb-margin-bottom-large:20px;--awb-spacing-left-large:2.88%;--awb-width-medium:66.666666666667%;--awb-order-medium:0;--awb-spacing-right-medium:2.88%;--awb-spacing-left-medium:2.88%;--awb-width-small:100%;--awb-order-small:2;--awb-spacing-right-small:1.92%;--awb-spacing-left-small:1.92%;\" data-scroll-devices=\"small-visibility,medium-visibility,large-visibility\"><div class=\"fusion-column-wrapper fusion-column-has-shadow fusion-flex-justify-content-flex-start fusion-content-layout-column\"><\/div><\/div><div class=\"fusion-layout-column fusion_builder_column fusion-builder-column-2 fusion_builder_column_1_3 1_3 fusion-flex-column\" style=\"--awb-padding-top:5%;--awb-padding-right:5%;--awb-padding-bottom:5%;--awb-padding-left:5%;--awb-bg-color:rgba(255,255,255,0.8);--awb-bg-color-hover:rgba(255,255,255,0.8);--awb-bg-size:cover;--awb-border-color:var(--awb-color5);--awb-border-top:1px;--awb-border-right:1px;--awb-border-bottom:1px;--awb-border-left:1px;--awb-border-style:solid;--awb-width-large:33.333333333333%;--awb-margin-top-large:10%;--awb-spacing-right-large:5.76%;--awb-margin-bottom-large:10%;--awb-spacing-left-large:5.76%;--awb-width-medium:33.333333333333%;--awb-order-medium:0;--awb-spacing-right-medium:5.76%;--awb-spacing-left-medium:5.76%;--awb-width-small:100%;--awb-order-small:0;--awb-spacing-right-small:1.92%;--awb-spacing-left-small:1.92%;\" data-scroll-devices=\"small-visibility,medium-visibility,large-visibility\"><div class=\"fusion-column-wrapper fusion-column-has-shadow fusion-flex-justify-content-flex-start fusion-content-layout-column\"><div class=\"fusion-text fusion-text-1\"><p>Psyykkisess\u00e4 yksil\u00f6- tai joukkuevalmennuksessa pureudutaan kokonaisvaltaisesti yksil\u00f6n tai joukkueen nykytilanteeseen, itsetuntemukseen ja tavoitteisiin ja <b>selvitet\u00e4\u00e4n mitk\u00e4 seikat vaikuttavat suoritusten ailahtelevuuteen, motivaatioon tai keskittymisee<\/b>n ja kuinka n\u00e4it\u00e4 seikkoja voitaisiin kohentaa.<\/p>\n<p>Psyykkisen valmentajan koulutuksen lis\u00e4ksi oma ammatti- ja joukkueurheilutaustani auttaa niiden tilanteiden tunnistamisessa, joissa yksil\u00f6 tai joukkue ei toimi optimaalisesti tai toimii jopa itselleen vahingollisesti. Valmennuksessa n\u00e4m\u00e4 <b>tilanteet avataan, k\u00e4sitell\u00e4\u00e4n ja ratkaistaan siten, ett\u00e4 ne<\/b><strong> k\u00e4\u00e4ntyv\u00e4t voimavaraksi<\/strong>.<\/p>\n<p>Joukkueita valmentaessani <b>toimintatapaani kuuluu liitty\u00e4 hetkeksi joukkueeseen,<\/b> jolloin pystyn tarkkailemaan toimintamalleja, sis\u00e4ist\u00e4 dynamiikkaa ja yksil\u00f6it\u00e4. T\u00e4m\u00e4n j\u00e4lkeen joukkueen kanssa yhdess\u00e4 m\u00e4\u00e4ritell\u00e4\u00e4n seikat, joita valmennuksella pyrit\u00e4\u00e4n parantamaan sek\u00e4 tavoitteet, jotka ratkaisukeskeisen psyykkisen valmennuksen avulla halutaan saavuttaa.<\/p>\n<\/div><\/div><\/div><\/div><\/div><\/p>\n","protected":false},"excerpt":{"rendered":"","protected":false},"author":2,"featured_media":0,"parent":0,"menu_order":0,"comment_status":"closed","ping_status":"closed","template":"100-width.php","meta":{"footnotes":""},"class_list":["post-95","page","type-page","status-publish","hentry"],"_links":{"self":[{"href":"https:\/\/olenkorento.fi\/index.php\/wp-json\/wp\/v2\/pages\/95","targetHints":{"allow":["GET"]}}],"collection":[{"href":"https:\/\/olenkorento.fi\/index.php\/wp-json\/wp\/v2\/pages"}],"about":[{"href":"https:\/\/olenkorento.fi\/index.php\/wp-json\/wp\/v2\/types\/page"}],"author":[{"embeddable":true,"href":"https:\/\/olenkorento.fi\/index.php\/wp-json\/wp\/v2\/users\/2"}],"replies":[{"embeddable":true,"href":"https:\/\/olenkorento.fi\/index.php\/wp-json\/wp\/v2\/comments?post=95"}],"version-history":[{"count":22,"href":"https:\/\/olenkorento.fi\/index.php\/wp-json\/wp\/v2\/pages\/95\/revisions"}],"predecessor-version":[{"id":617,"href":"https:\/\/olenkorento.fi\/index.php\/wp-json\/wp\/v2\/pages\/95\/revisions\/617"}],"wp:attachment":[{"href":"https:\/\/olenkorento.fi\/index.php\/wp-json\/wp\/v2\/media?parent=95"}],"curies":[{"name":"wp","href":"https:\/\/api.w.org\/{rel}","templated":true}]}}